{"id":3634,"date":"2024-08-06T12:36:44","date_gmt":"2024-08-06T10:36:44","guid":{"rendered":"https:\/\/reynolds.hayesbicycle.wslabs.it\/store-dealer\/"},"modified":"2025-04-23T09:36:46","modified_gmt":"2025-04-23T07:36:46","slug":"store-dealer","status":"publish","type":"page","link":"https:\/\/reynolds.hayesbicycle.wslabs.it\/de\/store-dealer\/","title":{"rendered":"Store Dealer"},"content":{"rendered":"","protected":false},"excerpt":{"rendered":"","protected":false},"author":1,"featured_media":0,"parent":0,"menu_order":0,"comment_status":"closed","ping_status":"closed","template":"","meta":{"_acf_changed":false,"footnotes":""},"class_list":["post-3634","page","type-page","status-publish","hentry"],"acf":[],"yoast_head":"<!-- This site is optimized with the Yoast SEO plugin v26.7 - https:\/\/yoast.com\/wordpress\/plugins\/seo\/ -->\n<title>Reynolds-H\u00e4ndlersuche<\/title>\n<meta name=\"description\" content=\"Auf dieser Seite findest du die vollst\u00e4ndige Liste der Reynolds-Laufradh\u00e4ndler.\" \/>\n<meta name=\"robots\" content=\"noindex, follow, max-snippet:-1, max-image-preview:large, max-video-preview:-1\" \/>\n<meta property=\"og:locale\" content=\"de_DE\" \/>\n<meta property=\"og:type\" content=\"article\" \/>\n<meta property=\"og:title\" content=\"Reynolds-H\u00e4ndlersuche\" \/>\n<meta property=\"og:description\" content=\"Auf dieser Seite findest du die vollst\u00e4ndige Liste der Reynolds-Laufradh\u00e4ndler.\" \/>\n<meta property=\"og:url\" content=\"https:\/\/reynolds.hayesbicycle.wslabs.it\/de\/store-dealer\/\" \/>\n<meta property=\"og:site_name\" content=\"Reynolds\" \/>\n<meta property=\"article:modified_time\" content=\"2025-04-23T07:36:46+00:00\" \/>\n<meta name=\"twitter:card\" content=\"summary_large_image\" \/>\n<script type=\"application\/ld+json\" class=\"yoast-schema-graph\">{\"@context\":\"https:\/\/schema.org\",\"@graph\":[{\"@type\":\"WebPage\",\"@id\":\"https:\/\/reynolds.hayesbicycle.wslabs.it\/de\/store-dealer\/\",\"url\":\"https:\/\/reynolds.hayesbicycle.wslabs.it\/de\/store-dealer\/\",\"name\":\"Reynolds-H\u00e4ndlersuche\",\"isPartOf\":{\"@id\":\"https:\/\/reynolds.hayesbicycle.wslabs.it\/de\/#website\"},\"datePublished\":\"2024-08-06T10:36:44+00:00\",\"dateModified\":\"2025-04-23T07:36:46+00:00\",\"description\":\"Auf dieser Seite findest du die vollst\u00e4ndige Liste der Reynolds-Laufradh\u00e4ndler.\",\"breadcrumb\":{\"@id\":\"https:\/\/reynolds.hayesbicycle.wslabs.it\/de\/store-dealer\/#breadcrumb\"},\"inLanguage\":\"de\",\"potentialAction\":[{\"@type\":\"ReadAction\",\"target\":[\"https:\/\/reynolds.hayesbicycle.wslabs.it\/de\/store-dealer\/\"]}]},{\"@type\":\"BreadcrumbList\",\"@id\":\"https:\/\/reynolds.hayesbicycle.wslabs.it\/de\/store-dealer\/#breadcrumb\",\"itemListElement\":[{\"@type\":\"ListItem\",\"position\":1,\"name\":\"Home\",\"item\":\"https:\/\/reynolds.hayesbicycle.wslabs.it\/de\/\"},{\"@type\":\"ListItem\",\"position\":2,\"name\":\"Store Dealer\"}]},{\"@type\":\"WebSite\",\"@id\":\"https:\/\/reynolds.hayesbicycle.wslabs.it\/de\/#website\",\"url\":\"https:\/\/reynolds.hayesbicycle.wslabs.it\/de\/\",\"name\":\"Reynolds\",\"description\":\"\",\"publisher\":{\"@id\":\"https:\/\/reynolds.hayesbicycle.wslabs.it\/de\/#organization\"},\"potentialAction\":[{\"@type\":\"SearchAction\",\"target\":{\"@type\":\"EntryPoint\",\"urlTemplate\":\"https:\/\/reynolds.hayesbicycle.wslabs.it\/de\/?s={search_term_string}\"},\"query-input\":{\"@type\":\"PropertyValueSpecification\",\"valueRequired\":true,\"valueName\":\"search_term_string\"}}],\"inLanguage\":\"de\"},{\"@type\":\"Organization\",\"@id\":\"https:\/\/reynolds.hayesbicycle.wslabs.it\/de\/#organization\",\"name\":\"Reynolds\",\"url\":\"https:\/\/reynolds.hayesbicycle.wslabs.it\/de\/\",\"logo\":{\"@type\":\"ImageObject\",\"inLanguage\":\"de\",\"@id\":\"https:\/\/reynolds.hayesbicycle.wslabs.it\/de\/#\/schema\/logo\/image\/\",\"url\":\"https:\/\/reynolds.hayesbicycle.wslabs.it\/wp-content\/uploads\/sites\/4\/2025\/02\/reynolds-logo.png\",\"contentUrl\":\"https:\/\/reynolds.hayesbicycle.wslabs.it\/wp-content\/uploads\/sites\/4\/2025\/02\/reynolds-logo.png\",\"width\":296,\"height\":66,\"caption\":\"Reynolds\"},\"image\":{\"@id\":\"https:\/\/reynolds.hayesbicycle.wslabs.it\/de\/#\/schema\/logo\/image\/\"}}]}<\/script>\n<!-- \/ Yoast SEO plugin. -->","yoast_head_json":{"title":"Reynolds-H\u00e4ndlersuche","description":"Auf dieser Seite findest du die vollst\u00e4ndige Liste der Reynolds-Laufradh\u00e4ndler.","robots":{"index":"noindex","follow":"follow","max-snippet":"max-snippet:-1","max-image-preview":"max-image-preview:large","max-video-preview":"max-video-preview:-1"},"og_locale":"de_DE","og_type":"article","og_title":"Reynolds-H\u00e4ndlersuche","og_description":"Auf dieser Seite findest du die vollst\u00e4ndige Liste der Reynolds-Laufradh\u00e4ndler.","og_url":"https:\/\/reynolds.hayesbicycle.wslabs.it\/de\/store-dealer\/","og_site_name":"Reynolds","article_modified_time":"2025-04-23T07:36:46+00:00","twitter_card":"summary_large_image","schema":{"@context":"https:\/\/schema.org","@graph":[{"@type":"WebPage","@id":"https:\/\/reynolds.hayesbicycle.wslabs.it\/de\/store-dealer\/","url":"https:\/\/reynolds.hayesbicycle.wslabs.it\/de\/store-dealer\/","name":"Reynolds-H\u00e4ndlersuche","isPartOf":{"@id":"https:\/\/reynolds.hayesbicycle.wslabs.it\/de\/#website"},"datePublished":"2024-08-06T10:36:44+00:00","dateModified":"2025-04-23T07:36:46+00:00","description":"Auf dieser Seite findest du die vollst\u00e4ndige Liste der Reynolds-Laufradh\u00e4ndler.","breadcrumb":{"@id":"https:\/\/reynolds.hayesbicycle.wslabs.it\/de\/store-dealer\/#breadcrumb"},"inLanguage":"de","potentialAction":[{"@type":"ReadAction","target":["https:\/\/reynolds.hayesbicycle.wslabs.it\/de\/store-dealer\/"]}]},{"@type":"BreadcrumbList","@id":"https:\/\/reynolds.hayesbicycle.wslabs.it\/de\/store-dealer\/#breadcrumb","itemListElement":[{"@type":"ListItem","position":1,"name":"Home","item":"https:\/\/reynolds.hayesbicycle.wslabs.it\/de\/"},{"@type":"ListItem","position":2,"name":"Store Dealer"}]},{"@type":"WebSite","@id":"https:\/\/reynolds.hayesbicycle.wslabs.it\/de\/#website","url":"https:\/\/reynolds.hayesbicycle.wslabs.it\/de\/","name":"Reynolds","description":"","publisher":{"@id":"https:\/\/reynolds.hayesbicycle.wslabs.it\/de\/#organization"},"potentialAction":[{"@type":"SearchAction","target":{"@type":"EntryPoint","urlTemplate":"https:\/\/reynolds.hayesbicycle.wslabs.it\/de\/?s={search_term_string}"},"query-input":{"@type":"PropertyValueSpecification","valueRequired":true,"valueName":"search_term_string"}}],"inLanguage":"de"},{"@type":"Organization","@id":"https:\/\/reynolds.hayesbicycle.wslabs.it\/de\/#organization","name":"Reynolds","url":"https:\/\/reynolds.hayesbicycle.wslabs.it\/de\/","logo":{"@type":"ImageObject","inLanguage":"de","@id":"https:\/\/reynolds.hayesbicycle.wslabs.it\/de\/#\/schema\/logo\/image\/","url":"https:\/\/reynolds.hayesbicycle.wslabs.it\/wp-content\/uploads\/sites\/4\/2025\/02\/reynolds-logo.png","contentUrl":"https:\/\/reynolds.hayesbicycle.wslabs.it\/wp-content\/uploads\/sites\/4\/2025\/02\/reynolds-logo.png","width":296,"height":66,"caption":"Reynolds"},"image":{"@id":"https:\/\/reynolds.hayesbicycle.wslabs.it\/de\/#\/schema\/logo\/image\/"}}]}},"_links":{"self":[{"href":"https:\/\/reynolds.hayesbicycle.wslabs.it\/de\/wp-json\/wp\/v2\/pages\/3634","targetHints":{"allow":["GET"]}}],"collection":[{"href":"https:\/\/reynolds.hayesbicycle.wslabs.it\/de\/wp-json\/wp\/v2\/pages"}],"about":[{"href":"https:\/\/reynolds.hayesbicycle.wslabs.it\/de\/wp-json\/wp\/v2\/types\/page"}],"author":[{"embeddable":true,"href":"https:\/\/reynolds.hayesbicycle.wslabs.it\/de\/wp-json\/wp\/v2\/users\/1"}],"replies":[{"embeddable":true,"href":"https:\/\/reynolds.hayesbicycle.wslabs.it\/de\/wp-json\/wp\/v2\/comments?post=3634"}],"version-history":[{"count":2,"href":"https:\/\/reynolds.hayesbicycle.wslabs.it\/de\/wp-json\/wp\/v2\/pages\/3634\/revisions"}],"predecessor-version":[{"id":3636,"href":"https:\/\/reynolds.hayesbicycle.wslabs.it\/de\/wp-json\/wp\/v2\/pages\/3634\/revisions\/3636"}],"wp:attachment":[{"href":"https:\/\/reynolds.hayesbicycle.wslabs.it\/de\/wp-json\/wp\/v2\/media?parent=3634"}],"curies":[{"name":"wp","href":"https:\/\/api.w.org\/{rel}","templated":true}]}}